{"id":2988,"date":"2020-11-16T23:04:56","date_gmt":"2020-11-16T22:04:56","guid":{"rendered":"http:\/\/huntpol.pl\/?page_id=2988"},"modified":"2020-12-28T11:43:29","modified_gmt":"2020-12-28T10:43:29","slug":"hodowla-psow","status":"publish","type":"page","link":"https:\/\/huntpol.pl\/huntpol-www\/hodowla-psow\/","title":{"rendered":"Hodowla ps\u00f3w"},"content":{"rendered":"<p><strong>Filmy i zdj\u0119cia naszych piesk\u00f3w w r\u00f3\u017cnych sytuacjach.<\/strong><\/p>\n<div class=\"pagwrap-tlxkay\" id=\"emgsing\"><div id=\"alignstyle\" class=\"easymedia_center\"><div id=\"col-1\" class=\"thecol\">\t\t\t\t     <div style=\"width:180px; height:180px;\" class=\"hoverone view da-thumbs preloaderview\"><div class=\"iehand\"><img src=\"https:\/\/huntpol.pl\/huntpol-www\/wp-content\/plugins\/easy-media-gallery-pro\/includes\/images\/trans.png\" class=\"emglazy\" data-original=\"https:\/\/huntpol.pl\/huntpol-www\/wp-content\/uploads\/rosoStart.jpg\" \/><a onclick=\"easyActiveStyleSheet('Dark');return true;\" class=\"3085\" rel=\"easymedia[700 400]\" href=\"https:\/\/youtu.be\/Plr7NPmTxMA\" ><article class=\"da-animate da-slideFromRight\"><p class=\"emgfittext\"><\/p><div class=\"forspan\"><span class=\"zoom\"><\/span><\/div><\/article><\/a><\/div><\/div>\r\n\r\n\t\t\t\t<\/div><div id=\"col-2\" class=\"thecol\">\t\t\t\t     <div style=\"width:180px; height:180px;\" class=\"hoverone view da-thumbs preloaderview\"><div class=\"iehand\"><img src=\"https:\/\/huntpol.pl\/huntpol-www\/wp-content\/plugins\/easy-media-gallery-pro\/includes\/images\/trans.png\" class=\"emglazy\" data-original=\"https:\/\/huntpol.pl\/huntpol-www\/wp-content\/uploads\/startfilmu.jpg\" \/><a onclick=\"easyActiveStyleSheet('Dark');return true;\" class=\"3089\" rel=\"easymedia[700 400]\" href=\"https:\/\/youtu.be\/3A0mJSfA-pA\" ><article class=\"da-animate da-slideFromRight\"><p class=\"emgfittext\"><\/p><div class=\"forspan\"><span class=\"zoom\"><\/span><\/div><\/article><\/a><\/div><\/div>\r\n\r\n\t\t\t\t<\/div><div id=\"col-3\" class=\"thecol\">\t\t\t\t     <div style=\"width:180px; height:180px;\" class=\"hoverone view da-thumbs preloaderview\"><div class=\"iehand\"><img src=\"https:\/\/huntpol.pl\/huntpol-www\/wp-content\/plugins\/easy-media-gallery-pro\/includes\/images\/trans.png\" class=\"emglazy\" data-original=\"https:\/\/huntpol.pl\/huntpol-www\/wp-content\/uploads\/startlobuzy.jpg\" \/><a onclick=\"easyActiveStyleSheet('Dark');return true;\" class=\"3099\" rel=\"easymedia[700 400]\" href=\"https:\/\/youtu.be\/agcPd9klPQ4\" ><article class=\"da-animate da-slideFromRight\"><p class=\"emgfittext\"><\/p><div class=\"forspan\"><span class=\"zoom\"><\/span><\/div><\/article><\/a><\/div><\/div>\r\n\r\n\t\t\t\t<\/div><div id=\"col-4\" class=\"thecol\">\t\t\t\t     <div style=\"width:180px; height:180px;\" class=\"hoverone view da-thumbs preloaderview\"><div class=\"iehand\"><img src=\"https:\/\/huntpol.pl\/huntpol-www\/wp-content\/plugins\/easy-media-gallery-pro\/includes\/images\/trans.png\" class=\"emglazy\" data-original=\"https:\/\/huntpol.pl\/huntpol-www\/wp-content\/uploads\/Tores-na-lodzie-ok.jpg\" \/><a onclick=\"easyActiveStyleSheet('Dark');return true;\" class=\"3108\" rel=\"easymedia[700 400]\" href=\"https:\/\/youtu.be\/fq0Jsp9GTmY\" ><article class=\"da-animate da-slideFromRight\"><p class=\"emgfittext\"><\/p><div class=\"forspan\"><span class=\"zoom\"><\/span><\/div><\/article><\/a><\/div><\/div>\r\n\r\n\t\t\t\t<\/div><div style=\"clear:both;\"><\/div><\/div><\/div><style type=\"text\/css\">\n.pagwrap-tlxkay .preloaderview {min-width: 90px;min-height: 90px;}\n<\/style>\n<script type=\"text\/javascript\">\njQuery(document).ready(function($) {var $container = $('.easycontainer-tlxkay');var $win = $(window);$container.emgisotope({itemSelector: '.easyitem',filter: '*',transformsEnabled: true,onLayout: function() {$win.trigger(\"scroll\");}});var $optionSets = $('.isofilcont-tlxkay .emgoption-set'),$optionLinks = $optionSets.find('li'); \/\/@since 1.5.0.3\n$optionLinks.click(function(){var $this = $(this);if ( $this.hasClass('selected') ) {return false;}\nvar $optionSet = $this.parents('.emgoption-set');$optionSet.find('.selected').removeClass('selected');$this.addClass('selected');var options = {},key = $optionSet.attr('data-option-key'),value = $this.attr('data-option-value');value = value === 'false' ? false : value;options[ key ] = value;if ( key === 'layoutMode') {if ( typeof changeLayoutMode === 'function' ) {changeLayoutMode( $this, options )}} else {$container.emgisotope( options );}\nreturn false;});jQuery(\".pagwrap-tlxkay .emglazy\").lazy({attribute: \"data-original\",effect: \"fadeIn\",visibleOnly: true,enableThrottle: true,throttle: 250,effectTime: 900,threshold: 100,afterLoad: function(element) {element.after(jQuery(element).readyLoad({ elementId: \"tlxkay\", isPagination: '', isLazyload: 1, imageCount: \"\" }));}});jQuery(\".pagwrap-tlxkay\").fadeIn(1000);jQuery(\"#isloaderfor-tlxkay\").hide();try {jQuery(\".easycontainer-tlxkay\").emgisotope( 'reLayout' );} catch(e) {return true;}});<\/script>\n<div class=\"pagwrap-faynoo\" id=\"emgsing\"><div id=\"alignstyle\" class=\"easymedia_center\"><div id=\"col-1\" class=\"thecol\">\t\t\t\t     <div style=\"width:180px; height:180px;\" class=\"hoverone view da-thumbs preloaderview\"><span class=\"emg-badges\"><span class=\"icount\">14<\/span><span class=\"imgtg\">images<\/span><\/span><div class=\"iehand\"><img src=\"https:\/\/huntpol.pl\/huntpol-www\/wp-content\/plugins\/easy-media-gallery-pro\/includes\/images\/trans.png\" class=\"emglazy\" data-original=\"https:\/\/huntpol.pl\/huntpol-www\/wp-content\/plugins\/easy-media-gallery-pro\/includes\/class\/timthumb.php?src=https:\/\/huntpol.pl\/huntpol-www\/wp-content\/uploads\/6_m.jpg&h=180&w=180&zc=1&q=100&a=c\" \/><a onclick=\"easyActiveStyleSheet('Dark');return true;\" class=\"3060\" rel=\"easymedia[gallery-3060]\" href=\"https:\/\/huntpol.pl\/huntpol-www\/wp-content\/plugins\/easy-media-gallery-pro\/includes\/class\/timthumb.php?src=https:\/\/huntpol.pl\/huntpol-www\/wp-content\/uploads\/6_m.jpg&h=528&w=940&zc=1&q=100&a=c\" ><article class=\"da-animate da-slideFromRight\"><p class=\"emgfittext\"><\/p><div class=\"forspan\"><span class=\"zoom\"><\/span><\/div><\/article><\/a><\/div><\/div>\r\n\r\n\t\t\t\t<div id=\"easymedia_gallerycontainer-faynoo\" style=\"display:none\">\t\t\t\t\t\t                \t<a class=\"3060-3079\" href=\"https:\/\/huntpol.pl\/huntpol-www\/wp-content\/plugins\/easy-media-gallery-pro\/includes\/class\/timthumb.php?src=https:\/\/huntpol.pl\/huntpol-www\/wp-content\/uploads\/6_m.jpg&h=528&w=940&zc=1&q=100&a=c\" rel=\"easymedia[gallery-3060]\"><\/a>\r\n\t\t\t\t\t\t            \t\t\t\t\t\t\t\t                \t<a class=\"3060-3075\" href=\"https:\/\/huntpol.pl\/huntpol-www\/wp-content\/plugins\/easy-media-gallery-pro\/includes\/class\/timthumb.php?src=https:\/\/huntpol.pl\/huntpol-www\/wp-content\/uploads\/2_m.jpg&h=705&w=940&zc=1&q=100&a=c\" rel=\"easymedia[gallery-3060]\"><\/a>\r\n\t\t\t\t\t\t            \t\t\t\t\t\t\t\t                \t<a class=\"3060-3074\" href=\"https:\/\/huntpol.pl\/huntpol-www\/wp-content\/plugins\/easy-media-gallery-pro\/includes\/class\/timthumb.php?src=https:\/\/huntpol.pl\/huntpol-www\/wp-content\/uploads\/1_m.jpg&h=705&w=940&zc=1&q=100&a=c\" rel=\"easymedia[gallery-3060]\"><\/a>\r\n\t\t\t\t\t\t            \t\t\t\t\t\t\t\t                \t<a class=\"3060-3073\" href=\"https:\/\/huntpol.pl\/huntpol-www\/wp-content\/plugins\/easy-media-gallery-pro\/includes\/class\/timthumb.php?src=https:\/\/huntpol.pl\/huntpol-www\/wp-content\/uploads\/P1010569-scaled.jpg&h=528&w=940&zc=1&q=100&a=c\" rel=\"easymedia[gallery-3060]\"><\/a>\r\n\t\t\t\t\t\t            \t\t\t\t\t\t\t\t                \t<a class=\"3060-3072\" href=\"https:\/\/huntpol.pl\/huntpol-www\/wp-content\/plugins\/easy-media-gallery-pro\/includes\/class\/timthumb.php?src=https:\/\/huntpol.pl\/huntpol-www\/wp-content\/uploads\/P1010558-scaled.jpg&h=528&w=940&zc=1&q=100&a=c\" rel=\"easymedia[gallery-3060]\"><\/a>\r\n\t\t\t\t\t\t            \t\t\t\t\t\t\t\t                \t<a class=\"3060-3070\" href=\"https:\/\/huntpol.pl\/huntpol-www\/wp-content\/plugins\/easy-media-gallery-pro\/includes\/class\/timthumb.php?src=https:\/\/huntpol.pl\/huntpol-www\/wp-content\/uploads\/DSC04175-scaled.jpg&h=528&w=940&zc=1&q=100&a=c\" rel=\"easymedia[gallery-3060]\"><\/a>\r\n\t\t\t\t\t\t            \t\t\t\t\t\t\t\t                \t<a class=\"3060-3069\" href=\"https:\/\/huntpol.pl\/huntpol-www\/wp-content\/plugins\/easy-media-gallery-pro\/includes\/class\/timthumb.php?src=https:\/\/huntpol.pl\/huntpol-www\/wp-content\/uploads\/DSC04174-scaled.jpg&h=528&w=940&zc=1&q=100&a=c\" rel=\"easymedia[gallery-3060]\"><\/a>\r\n\t\t\t\t\t\t            \t\t\t\t\t\t\t\t                \t<a class=\"3060-3068\" href=\"https:\/\/huntpol.pl\/huntpol-www\/wp-content\/plugins\/easy-media-gallery-pro\/includes\/class\/timthumb.php?src=https:\/\/huntpol.pl\/huntpol-www\/wp-content\/uploads\/DSC04173-scaled.jpg&h=528&w=940&zc=1&q=100&a=c\" rel=\"easymedia[gallery-3060]\"><\/a>\r\n\t\t\t\t\t\t            \t\t\t\t\t\t\t\t                \t<a class=\"3060-3066\" href=\"https:\/\/huntpol.pl\/huntpol-www\/wp-content\/plugins\/easy-media-gallery-pro\/includes\/class\/timthumb.php?src=https:\/\/huntpol.pl\/huntpol-www\/wp-content\/uploads\/DSC04154-scaled.jpg&h=528&w=940&zc=1&q=100&a=c\" rel=\"easymedia[gallery-3060]\"><\/a>\r\n\t\t\t\t\t\t            \t\t\t\t\t\t\t\t                \t<a class=\"3060-3065\" href=\"https:\/\/huntpol.pl\/huntpol-www\/wp-content\/plugins\/easy-media-gallery-pro\/includes\/class\/timthumb.php?src=https:\/\/huntpol.pl\/huntpol-www\/wp-content\/uploads\/DSC04151-scaled.jpg&h=528&w=940&zc=1&q=100&a=c\" rel=\"easymedia[gallery-3060]\"><\/a>\r\n\t\t\t\t\t\t            \t\t\t\t\t\t\t\t                \t<a class=\"3060-3064\" href=\"https:\/\/huntpol.pl\/huntpol-www\/wp-content\/plugins\/easy-media-gallery-pro\/includes\/class\/timthumb.php?src=https:\/\/huntpol.pl\/huntpol-www\/wp-content\/uploads\/DSC04150-scaled.jpg&h=528&w=940&zc=1&q=100&a=c\" rel=\"easymedia[gallery-3060]\"><\/a>\r\n\t\t\t\t\t\t            \t\t\t\t\t\t\t\t                \t<a class=\"3060-3063\" href=\"https:\/\/huntpol.pl\/huntpol-www\/wp-content\/plugins\/easy-media-gallery-pro\/includes\/class\/timthumb.php?src=https:\/\/huntpol.pl\/huntpol-www\/wp-content\/uploads\/1_IMG-20191208-WA0003.jpg&h=705&w=940&zc=1&q=100&a=c\" rel=\"easymedia[gallery-3060]\"><\/a>\r\n\t\t\t\t\t\t            \t\t\t\t\t\t\t\t                \t<a class=\"3060-3051\" href=\"https:\/\/huntpol.pl\/huntpol-www\/wp-content\/plugins\/easy-media-gallery-pro\/includes\/class\/timthumb.php?src=https:\/\/huntpol.pl\/huntpol-www\/wp-content\/uploads\/IMG_20201114_112504-scaled.jpg&h=705&w=940&zc=1&q=100&a=c\" rel=\"easymedia[gallery-3060]\"><\/a>\r\n\t\t\t\t\t\t            \t\t\t\t\t\t\t\t                \t<a class=\"3060-3049\" href=\"https:\/\/huntpol.pl\/huntpol-www\/wp-content\/plugins\/easy-media-gallery-pro\/includes\/class\/timthumb.php?src=https:\/\/huntpol.pl\/huntpol-www\/wp-content\/uploads\/a1.jpg&h=694&w=940&zc=1&q=100&a=c\" rel=\"easymedia[gallery-3060]\"><\/a>\r\n\t\t\t\t\t\t            \t\t<\/div><\/div><div id=\"col-2\" class=\"thecol\"><\/div><div id=\"col-3\" class=\"thecol\"><\/div><div id=\"col-4\" class=\"thecol\"><\/div><div style=\"clear:both;\"><\/div><\/div><\/div><style type=\"text\/css\">\n.pagwrap-faynoo .preloaderview {min-width: 90px;min-height: 90px;}\n<\/style>\n<script type=\"text\/javascript\">\njQuery(document).ready(function($) {var $container = $('.easycontainer-faynoo');var $win = $(window);$container.emgisotope({itemSelector: '.easyitem',filter: '*',transformsEnabled: true,onLayout: function() {$win.trigger(\"scroll\");}});var $optionSets = $('.isofilcont-faynoo .emgoption-set'),$optionLinks = $optionSets.find('li'); \/\/@since 1.5.0.3\n$optionLinks.click(function(){var $this = $(this);if ( $this.hasClass('selected') ) {return false;}\nvar $optionSet = $this.parents('.emgoption-set');$optionSet.find('.selected').removeClass('selected');$this.addClass('selected');var options = {},key = $optionSet.attr('data-option-key'),value = $this.attr('data-option-value');value = value === 'false' ? false : value;options[ key ] = value;if ( key === 'layoutMode') {if ( typeof changeLayoutMode === 'function' ) {changeLayoutMode( $this, options )}} else {$container.emgisotope( options );}\nreturn false;});jQuery(\".pagwrap-faynoo .emglazy\").lazy({attribute: \"data-original\",effect: \"fadeIn\",visibleOnly: true,enableThrottle: true,throttle: 250,effectTime: 900,threshold: 100,afterLoad: function(element) {element.after(jQuery(element).readyLoad({ elementId: \"faynoo\", isPagination: '', isLazyload: 1, imageCount: \"\" }));}});jQuery(\".pagwrap-faynoo\").fadeIn(1000);jQuery(\"#isloaderfor-faynoo\").hide();try {jQuery(\".easycontainer-faynoo\").emgisotope( 'reLayout' );} catch(e) {return true;}});<\/script>\n<p><strong>Tores<\/strong> Towarzysz \u0141ow\u00f3w &#8211; pies, p\u0142ochacz niemiecki (wahtelhund), urodzony w 2008 roku. Reproduktor, kt\u00f3ry \u00a0da\u0142 wiele dobrych mocnych miot\u00f3w. Uniwersalny o wszechstronnych umiej\u0119tno\u015bciach w\u015br\u00f3d kt\u00f3rych dominuj\u0105 takie jak: wyr\u00f3\u017cniaj\u0105cy si\u0119 aporter, tropowiec kt\u00f3ry g\u0142osi zgas\u0142\u0105 zwierzyn\u0119, dzikarz u\u017cywany do pracy w miocie na polowaniach zbiorowych.<\/p>\n<p><strong>Bas\u00a0<\/strong> (Bsaior od Urba\u0144skiego) \u2013 pies, syn Toresa, p\u0142ochacz niemiecki (wahtelhund), urodzony w 2017 roku. Reproduktor, wszechstronnie uzdolniony , wybitny aporter i tropowiec. Zwyci\u0119zca konkursu tropowc\u00f3w, u\u017cywany na polowaniach indywidualnych na ptactwo oraz do poszukiwania postrza\u0142k\u00f3w. Jako reproduktor daje mocne bia\u0142o-br\u0105zowe szczeni\u0119ta.<\/p>\n<div class=\"pagwrap-qtuudf\" id=\"emgsing\"><div id=\"alignstyle\" class=\"easymedia_center\"><div id=\"col-1\" class=\"thecol\">\t\t\t\t     <div style=\"width:180px; height:180px;\" class=\"hoverone view da-thumbs preloaderview\"><div class=\"iehand\"><img src=\"https:\/\/huntpol.pl\/huntpol-www\/wp-content\/plugins\/easy-media-gallery-pro\/includes\/images\/trans.png\" class=\"emglazy\" data-original=\"https:\/\/huntpol.pl\/huntpol-www\/wp-content\/uploads\/wwwbas.jpg\" \/><a onclick=\"easyActiveStyleSheet('Dark');return true;\" class=\"3037\" rel=\"easymedia[700 400]\" href=\"https:\/\/youtu.be\/Mdfrbz8fMCY\" ><article class=\"da-animate da-slideFromRight\"><p class=\"emgfittext\"><\/p><div class=\"forspan\"><span class=\"zoom\"><\/span><\/div><\/article><\/a><\/div><\/div>\r\n\r\n\t\t\t\t<\/div><div id=\"col-2\" class=\"thecol\">\t\t\t\t     <div style=\"width:180px; height:180px;\" class=\"hoverone view da-thumbs preloaderview\"><span class=\"emg-badges\"><span class=\"icount\">4<\/span><span class=\"imgtg\">images<\/span><\/span><div class=\"iehand\"><img src=\"https:\/\/huntpol.pl\/huntpol-www\/wp-content\/plugins\/easy-media-gallery-pro\/includes\/images\/trans.png\" class=\"emglazy\" data-original=\"https:\/\/huntpol.pl\/huntpol-www\/wp-content\/plugins\/easy-media-gallery-pro\/includes\/class\/timthumb.php?src=https:\/\/huntpol.pl\/huntpol-www\/wp-content\/uploads\/basirogacz.jpg&h=180&w=180&zc=1&q=100&a=c\" \/><a onclick=\"easyActiveStyleSheet('Dark');return true;\" class=\"3043\" rel=\"easymedia[gallery-3043]\" href=\"https:\/\/huntpol.pl\/huntpol-www\/wp-content\/uploads\/basirogacz.jpg\" ><article class=\"da-animate da-slideFromRight\"><p class=\"emgfittext\"><\/p><div class=\"forspan\"><span class=\"zoom\"><\/span><\/div><\/article><\/a><\/div><\/div>\r\n\r\n\t\t\t\t<div id=\"easymedia_gallerycontainer-qtuudf\" style=\"display:none\">\t\t\t\t\t\t                \t<a class=\"3043-3046\" href=\"https:\/\/huntpol.pl\/huntpol-www\/wp-content\/uploads\/basirogacz.jpg\" rel=\"easymedia[gallery-3043]\"><\/a>\r\n\t\t\t\t\t\t            \t\t\t\t\t\t\t\t                \t<a class=\"3043-3042\" href=\"https:\/\/huntpol.pl\/huntpol-www\/wp-content\/plugins\/easy-media-gallery-pro\/includes\/class\/timthumb.php?src=https:\/\/huntpol.pl\/huntpol-www\/wp-content\/uploads\/wwwbas.jpg&h=957&w=940&zc=1&q=100&a=c\" rel=\"easymedia[gallery-3043]\"><\/a>\r\n\t\t\t\t\t\t            \t\t\t\t\t\t\t\t                \t<a class=\"3043-3047\" href=\"https:\/\/huntpol.pl\/huntpol-www\/wp-content\/uploads\/Dyplom.jpg\" rel=\"easymedia[gallery-3043]\"><\/a>\r\n\t\t\t\t\t\t            \t\t\t\t\t\t\t\t                \t<a class=\"3043-3048\" href=\"https:\/\/huntpol.pl\/huntpol-www\/wp-content\/uploads\/Ocena.jpg\" rel=\"easymedia[gallery-3043]\"><\/a>\r\n\t\t\t\t\t\t            \t\t<\/div><\/div><div id=\"col-3\" class=\"thecol\"><\/div><div id=\"col-4\" class=\"thecol\"><\/div><div style=\"clear:both;\"><\/div><\/div><\/div><style type=\"text\/css\">\n.pagwrap-qtuudf .preloaderview {min-width: 90px;min-height: 90px;}\n<\/style>\n<script type=\"text\/javascript\">\njQuery(document).ready(function($) {var $container = $('.easycontainer-qtuudf');var $win = $(window);$container.emgisotope({itemSelector: '.easyitem',filter: '*',transformsEnabled: true,onLayout: function() {$win.trigger(\"scroll\");}});var $optionSets = $('.isofilcont-qtuudf .emgoption-set'),$optionLinks = $optionSets.find('li'); \/\/@since 1.5.0.3\n$optionLinks.click(function(){var $this = $(this);if ( $this.hasClass('selected') ) {return false;}\nvar $optionSet = $this.parents('.emgoption-set');$optionSet.find('.selected').removeClass('selected');$this.addClass('selected');var options = {},key = $optionSet.attr('data-option-key'),value = $this.attr('data-option-value');value = value === 'false' ? false : value;options[ key ] = value;if ( key === 'layoutMode') {if ( typeof changeLayoutMode === 'function' ) {changeLayoutMode( $this, options )}} else {$container.emgisotope( options );}\nreturn false;});jQuery(\".pagwrap-qtuudf .emglazy\").lazy({attribute: \"data-original\",effect: \"fadeIn\",visibleOnly: true,enableThrottle: true,throttle: 250,effectTime: 900,threshold: 100,afterLoad: function(element) {element.after(jQuery(element).readyLoad({ elementId: \"qtuudf\", isPagination: '', isLazyload: 1, imageCount: \"\" }));}});jQuery(\".pagwrap-qtuudf\").fadeIn(1000);jQuery(\"#isloaderfor-qtuudf\").hide();try {jQuery(\".easycontainer-qtuudf\").emgisotope( 'reLayout' );} catch(e) {return true;}});<\/script>\n<p><strong>Koka<\/strong> (Roza W\u0119gorzewski Postrach) &#8211; suka p\u0142ochacz niemiecki (wahtelhund), urodzona w 2014 roku. Doskona\u0142a suka do polowa\u0144 zbiorowych o bardzo dobrym \u201eposzuku\u201d. Przek\u0142ada miot w bardzo szybkim tempie, g\u0142osi po ciep\u0142ym tropie, bierze dziki. Jest bardzo ostro\u017cna przy du\u017cych dzikach, jako jeden z nielicznych ps\u00f3w przy tak du\u017cej ilo\u015bci polowa\u0144 zbiorowych nie by\u0142a nigdy ci\u0119\u017cko ranna. Poszukuje postrza\u0142ki, aportuje ba\u017canty i kaczki r\u00f3wnie\u017c z wody.<\/p>\n<p><strong>Honda<\/strong> z Sosnowej Zagrody \u2013 suka, p\u0142ochacz niemiecki (wahtelhund), posiadaj\u0105ca uprawnienie hodowlane urodzona w 2018 roku. Dzikarz u\u017cywany do pracy w miotach na polowaniach zbiorowych. Posiada doskona\u0142\u0105 orientacj\u0119, bardzo ci\u0119ta na dziki. Charakteryzuje si\u0119 .bardzo tward\u0105 prac\u0105 na dziku.<\/p>\n<p><strong>Ataman<\/strong> z Gruszczywego Jaronu &#8211; pies, \u0142ajka rosyjsko-europejska, urodzony w 2015 roku. Wybitny eksterier, reproduktor, jest zr\u00f3wnowa\u017conym pe\u0142nym pasji dzikarz pracuj\u0105cy w miotach na polowaniach zbiorowych. U\u017cywany jest r\u00f3wnie\u017c do znajdowania postrza\u0142k\u00f3w.<\/p>\n<div class=\"pagwrap-cmofww\" id=\"emgsing\"><div id=\"alignstyle\" class=\"easymedia_center\"><div id=\"col-1\" class=\"thecol\">\t\t\t\t     <div style=\"width:180px; height:180px;\" class=\"hoverone view da-thumbs preloaderview\"><span class=\"emg-badges\"><span class=\"icount\">4<\/span><span class=\"imgtg\">images<\/span><\/span><div class=\"iehand\"><img src=\"https:\/\/huntpol.pl\/huntpol-www\/wp-content\/plugins\/easy-media-gallery-pro\/includes\/images\/trans.png\" class=\"emglazy\" data-original=\"https:\/\/huntpol.pl\/huntpol-www\/wp-content\/plugins\/easy-media-gallery-pro\/includes\/class\/timthumb.php?src=https:\/\/huntpol.pl\/huntpol-www\/wp-content\/uploads\/r11.jpg&h=180&w=180&zc=1&q=100&a=c\" \/><a onclick=\"easyActiveStyleSheet('Dark');return true;\" class=\"3054\" rel=\"easymedia[gallery-3054]\" href=\"https:\/\/huntpol.pl\/huntpol-www\/wp-content\/uploads\/r11.jpg\" ><article class=\"da-animate da-slideFromRight\"><p class=\"emgfittext\"><\/p><div class=\"forspan\"><span class=\"zoom\"><\/span><\/div><\/article><\/a><\/div><\/div>\r\n\r\n\t\t\t\t<div id=\"easymedia_gallerycontainer-cmofww\" style=\"display:none\">\t\t\t\t\t\t                \t<a class=\"3054-3052\" href=\"https:\/\/huntpol.pl\/huntpol-www\/wp-content\/uploads\/r11.jpg\" rel=\"easymedia[gallery-3054]\"><\/a>\r\n\t\t\t\t\t\t            \t\t\t\t\t\t\t\t                \t<a class=\"3054-3049\" href=\"https:\/\/huntpol.pl\/huntpol-www\/wp-content\/plugins\/easy-media-gallery-pro\/includes\/class\/timthumb.php?src=https:\/\/huntpol.pl\/huntpol-www\/wp-content\/uploads\/a1.jpg&h=694&w=940&zc=1&q=100&a=c\" rel=\"easymedia[gallery-3054]\"><\/a>\r\n\t\t\t\t\t\t            \t\t\t\t\t\t\t\t                \t<a class=\"3054-3050\" href=\"https:\/\/huntpol.pl\/huntpol-www\/wp-content\/plugins\/easy-media-gallery-pro\/includes\/class\/timthumb.php?src=https:\/\/huntpol.pl\/huntpol-www\/wp-content\/uploads\/IMG_20201114_093358-scaled.jpg&h=705&w=940&zc=1&q=100&a=c\" rel=\"easymedia[gallery-3054]\"><\/a>\r\n\t\t\t\t\t\t            \t\t\t\t\t\t\t\t                \t<a class=\"3054-3051\" href=\"https:\/\/huntpol.pl\/huntpol-www\/wp-content\/plugins\/easy-media-gallery-pro\/includes\/class\/timthumb.php?src=https:\/\/huntpol.pl\/huntpol-www\/wp-content\/uploads\/IMG_20201114_112504-scaled.jpg&h=705&w=940&zc=1&q=100&a=c\" rel=\"easymedia[gallery-3054]\"><\/a>\r\n\t\t\t\t\t\t            \t\t<\/div><\/div><div id=\"col-2\" class=\"thecol\"><\/div><div id=\"col-3\" class=\"thecol\"><\/div><div id=\"col-4\" class=\"thecol\"><\/div><div style=\"clear:both;\"><\/div><\/div><\/div><style type=\"text\/css\">\n.pagwrap-cmofww .preloaderview {min-width: 90px;min-height: 90px;}\n<\/style>\n<script type=\"text\/javascript\">\njQuery(document).ready(function($) {var $container = $('.easycontainer-cmofww');var $win = $(window);$container.emgisotope({itemSelector: '.easyitem',filter: '*',transformsEnabled: true,onLayout: function() {$win.trigger(\"scroll\");}});var $optionSets = $('.isofilcont-cmofww .emgoption-set'),$optionLinks = $optionSets.find('li'); \/\/@since 1.5.0.3\n$optionLinks.click(function(){var $this = $(this);if ( $this.hasClass('selected') ) {return false;}\nvar $optionSet = $this.parents('.emgoption-set');$optionSet.find('.selected').removeClass('selected');$this.addClass('selected');var options = {},key = $optionSet.attr('data-option-key'),value = $this.attr('data-option-value');value = value === 'false' ? false : value;options[ key ] = value;if ( key === 'layoutMode') {if ( typeof changeLayoutMode === 'function' ) {changeLayoutMode( $this, options )}} else {$container.emgisotope( options );}\nreturn false;});jQuery(\".pagwrap-cmofww .emglazy\").lazy({attribute: \"data-original\",effect: \"fadeIn\",visibleOnly: true,enableThrottle: true,throttle: 250,effectTime: 900,threshold: 100,afterLoad: function(element) {element.after(jQuery(element).readyLoad({ elementId: \"cmofww\", isPagination: '', isLazyload: 1, imageCount: \"\" }));}});jQuery(\".pagwrap-cmofww\").fadeIn(1000);jQuery(\"#isloaderfor-cmofww\").hide();try {jQuery(\".easycontainer-cmofww\").emgisotope( 'reLayout' );} catch(e) {return true;}});<\/script>\n<p><strong>Figa<\/strong> &#8211; suka, \u0142ajka rosyjsko-europejska. Dzikarz u\u017cywany na polowaniach zbiorowych. Charakteryzuje si\u0119 bardzo tward\u0105 prac\u0105 na dziku.<\/p>\n<p><strong>Tajga<\/strong> &#8211; suka, \u0142ajka zachodnio-syberyjka, c\u00f3rka Kuchuma czyli Pirata. Posiada uprawnienia hodowlane. Wybitny dzikarz u\u017cywany na polowaniach zbiorowych. Charakteryzuje si\u0119 doskona\u0142ym \u201eposzukiem\u201d, wytrwa\u0142\u0105 prac\u0105, ostro bierze dzika.<\/p>","protected":false},"excerpt":{"rendered":"<p>Filmy i zdj\u0119cia naszych piesk\u00f3w w r\u00f3\u017cnych sytuacjach. Tores Towarzysz \u0141ow\u00f3w &#8211; pies, p\u0142ochacz niemiecki (wahtelhund), urodzony w 2008 roku. Reproduktor, kt\u00f3ry \u00a0da\u0142 wiele dobrych mocnych miot\u00f3w. Uniwersalny o wszechstronnych umiej\u0119tno\u015bciach w\u015br\u00f3d kt\u00f3rych dominuj\u0105 takie jak: wyr\u00f3\u017cniaj\u0105cy si\u0119 aporter, tropowiec kt\u00f3ry g\u0142osi zgas\u0142\u0105 zwierzyn\u0119, dzikarz u\u017cywany do pracy w miocie na polowaniach zbiorowych. Bas\u00a0 (Bsaior [&hellip;]<\/p>\n","protected":false},"author":1,"featured_media":0,"parent":0,"menu_order":0,"comment_status":"closed","ping_status":"closed","template":"","meta":[],"_links":{"self":[{"href":"https:\/\/huntpol.pl\/huntpol-www\/wp-json\/wp\/v2\/pages\/2988"}],"collection":[{"href":"https:\/\/huntpol.pl\/huntpol-www\/wp-json\/wp\/v2\/pages"}],"about":[{"href":"https:\/\/huntpol.pl\/huntpol-www\/wp-json\/wp\/v2\/types\/page"}],"author":[{"embeddable":true,"href":"https:\/\/huntpol.pl\/huntpol-www\/wp-json\/wp\/v2\/users\/1"}],"replies":[{"embeddable":true,"href":"https:\/\/huntpol.pl\/huntpol-www\/wp-json\/wp\/v2\/comments?post=2988"}],"version-history":[{"count":23,"href":"https:\/\/huntpol.pl\/huntpol-www\/wp-json\/wp\/v2\/pages\/2988\/revisions"}],"predecessor-version":[{"id":3127,"href":"https:\/\/huntpol.pl\/huntpol-www\/wp-json\/wp\/v2\/pages\/2988\/revisions\/3127"}],"wp:attachment":[{"href":"https:\/\/huntpol.pl\/huntpol-www\/wp-json\/wp\/v2\/media?parent=2988"}],"curies":[{"name":"wp","href":"https:\/\/api.w.org\/{rel}","templated":true}]}}