{"id":225,"date":"2016-02-29T19:57:40","date_gmt":"2016-02-29T18:57:40","guid":{"rendered":"http:\/\/huntpol.pl\/?page_id=225"},"modified":"2017-07-23T21:22:03","modified_gmt":"2017-07-23T19:22:03","slug":"oferta","status":"publish","type":"page","link":"https:\/\/huntpol.pl\/huntpol-www\/oferta\/","title":{"rendered":"Oferta"},"content":{"rendered":"<p>[et_pb_section admin_label=&#8221;section&#8221;][et_pb_row admin_label=&#8221;row&#8221; make_fullwidth=&#8221;off&#8221; use_custom_width=&#8221;off&#8221; width_unit=&#8221;on&#8221; use_custom_gutter=&#8221;off&#8221; gutter_width=&#8221;3&#8243; padding_mobile=&#8221;off&#8221; module_id=&#8221;header-page&#8221; allow_player_pause=&#8221;off&#8221; parallax=&#8221;off&#8221; parallax_method=&#8221;off&#8221; make_equal=&#8221;off&#8221; column_padding_mobile=&#8221;on&#8221;][et_pb_column type=&#8221;4_4&#8243;][et_pb_post_title admin_label=&#8221;Tytu\u0142 posta&#8221; title=&#8221;on&#8221; meta=&#8221;off&#8221; author=&#8221;on&#8221; date=&#8221;on&#8221; categories=&#8221;on&#8221; comments=&#8221;on&#8221; featured_image=&#8221;off&#8221; featured_placement=&#8221;below&#8221; parallax_effect=&#8221;on&#8221; parallax_method=&#8221;on&#8221; text_orientation=&#8221;left&#8221; text_color=&#8221;dark&#8221; text_background=&#8221;off&#8221; text_bg_color=&#8221;rgba(255,255,255,0.9)&#8221; module_bg_color=&#8221;rgba(255,255,255,0)&#8221; title_all_caps=&#8221;off&#8221; meta_font_size=&#8221;14&#8243; use_border_color=&#8221;off&#8221; border_color=&#8221;#ffffff&#8221; border_style=&#8221;solid&#8221;] [\/et_pb_post_title][\/et_pb_column][\/et_pb_row][et_pb_row admin_label=&#8221;Wiersz&#8221;][et_pb_column type=&#8221;4_4&#8243;][et_pb_tabs admin_label=&#8221;Oferta&#8221; tab_font_size=&#8221;14&#8243; body_font_size=&#8221;14&#8243; use_border_color=&#8221;off&#8221; border_color=&#8221;#ffffff&#8221; border_style=&#8221;solid&#8221;] [et_pb_tab title=&#8221;Rogacze&#8221; tab_font_select=&#8221;default&#8221; body_font_select=&#8221;default&#8221;]<\/p>\n<div class=\"photo\"><img loading=\"lazy\" class=\"alignnone wp-image-1739 aligncenter\" src=\"https:\/\/huntpol.pl\/huntpol-www\/wp-content\/uploads\/glowna9.jpg\" alt=\"\" width=\"476\" height=\"317\" srcset=\"https:\/\/huntpol.pl\/huntpol-www\/wp-content\/uploads\/glowna9.jpg 665w, https:\/\/huntpol.pl\/huntpol-www\/wp-content\/uploads\/glowna9-375x250.jpg 375w\" sizes=\"(max-width: 476px) 100vw, 476px\" \/><\/div>\n<div><\/div>\n<p><strong>Polowanie na rogacze<\/strong><\/p>\n<p>Okres polowa\u0144 od 11 maja do 30 wrze\u015bnia. Najlepszym okresem polowa\u0144 na rogacze jest okres rui, kt\u00f3ra rozpoczyna si\u0119 w po\u0142owie lipca, a ko\u0144czy w po\u0142owie sierpnia. W tym czasie \u00a0sarny s\u0105 najbardziej aktywne. Polowania poza okresem rui r\u00f3wnie\u017c s\u0105 bardzo owocne. Szczeg\u00f3lnie dobre efekty przynosz\u0105 polowanie z zasiadki oraz z pochodu.<\/p>\n<p><u>Oferta obejmuje<\/u><\/p>\n<ul>\n<li>4 dni polowania \/ 5 pobytu<\/li>\n<li>organizacja polowania<\/li>\n<li>transport w \u0142owisku<\/li>\n<li>ubezpieczenie<\/li>\n<li>preparacja trofe\u00f3w<\/li>\n<li>profesjonalny podprowadzaj\u0105cy<\/li>\n<li>pe\u0142ne wy\u017cywienie oraz zakwaterowanie<\/li>\n<\/ul>\n<p>[\/et_pb_tab][et_pb_tab title=&#8221;Jelenie byki&#8221; tab_font_select=&#8221;default&#8221; body_font_select=&#8221;default&#8221;]<\/p>\n<p style=\"text-align: center;\"><strong><strong><img loading=\"lazy\" class=\" wp-image-1733 aligncenter\" src=\"https:\/\/huntpol.pl\/huntpol-www\/wp-content\/uploads\/glowna3-e1472577240680.jpg\" alt=\"\" width=\"458\" height=\"458\" \/><\/strong><\/strong><\/p>\n<p style=\"text-align: left;\"><strong>Polowanie n<\/strong><strong>a jelenie byki<\/strong><\/p>\n<p><strong>\u00a0<\/strong>Okres polowa\u0144 od 21 sierpnia do ko\u0144ca lutego. Polowanie na jelenie w okresie rykowiska gwarantuje my\u015bliwemu niezapomniane wra\u017cenia. To w\u0142a\u015bnie od po\u0142owy wrze\u015bnia do po\u0142owy pa\u017adziernika oferujemy Pa\u0144stwu polowania na najlepszych terenach Polski.<\/p>\n<p><u>Oferta obejmuje<br \/>\n<\/u><\/p>\n<ul>\n<li>4 dni polowania \/ 5 pobytu<\/li>\n<li>organizacja polowania<\/li>\n<li>transport w \u0142owisku<\/li>\n<li>ubezpieczenie<\/li>\n<li>preparacja trofe\u00f3w<\/li>\n<li>profesjonalny podprowadzaj\u0105cy<\/li>\n<li>pe\u0142ne wy\u017cywienie oraz zakwaterowanie<\/li>\n<\/ul>\n<p>[\/et_pb_tab][et_pb_tab title=&#8221;Daniele byki&#8221; tab_font_select=&#8221;default&#8221; body_font_select=&#8221;default&#8221;]<\/p>\n<div class=\"photo\"><img loading=\"lazy\" class=\"alignnone wp-image-1858 aligncenter\" src=\"https:\/\/huntpol.pl\/huntpol-www\/wp-content\/uploads\/Daniel1.png\" alt=\"\" width=\"471\" height=\"300\" srcset=\"https:\/\/huntpol.pl\/huntpol-www\/wp-content\/uploads\/Daniel1.png 410w, https:\/\/huntpol.pl\/huntpol-www\/wp-content\/uploads\/Daniel1-393x250.png 393w\" sizes=\"(max-width: 471px) 100vw, 471px\" \/><\/div>\n<p><strong>Polowanie na daniele byki <\/strong><\/p>\n<p>&nbsp;<\/p>\n<p>Polowanie na daniele organizujemy g\u0142\u00f3wnie w okresie bekowiska na prze\u0142omie pa\u017adziernika i listopada. Oferujemy Pa\u0144stwu \u0142owiska po\u0142o\u017cone na terenie Wielkopolski i wojew\u00f3dztwa Lubuskiego oraz na medalowe byki na S\u0142owacji.<\/p>\n<p><u>Oferta obejmuje<\/u><\/p>\n<ul>\n<li>4 dni polowania \/ 5 pobytu<\/li>\n<li>organizacja polowania<\/li>\n<li>transport w \u0142owisku<\/li>\n<li>ubezpieczenie<\/li>\n<li>preparacja trofe\u00f3w<\/li>\n<li>profesjonalny podprowadzaj\u0105cy<\/li>\n<li>pe\u0142ne wy\u017cywienie oraz zakwaterowanie<\/li>\n<\/ul>\n<p>[\/et_pb_tab][et_pb_tab title=&#8221;Polowania zbiorowe&#8221; tab_font_select=&#8221;default&#8221; body_font_select=&#8221;default&#8221;]<\/p>\n<div class=\"photo\"><img loading=\"lazy\" class=\"alignnone wp-image-1523 aligncenter\" src=\"https:\/\/huntpol.pl\/huntpol-www\/wp-content\/uploads\/Photo_driven143-980x649.jpg\" alt=\"\" width=\"469\" height=\"311\" srcset=\"https:\/\/huntpol.pl\/huntpol-www\/wp-content\/uploads\/Photo_driven143-980x649.jpg 980w, https:\/\/huntpol.pl\/huntpol-www\/wp-content\/uploads\/Photo_driven143-378x250.jpg 378w, https:\/\/huntpol.pl\/huntpol-www\/wp-content\/uploads\/Photo_driven143.jpg 1024w\" sizes=\"(max-width: 469px) 100vw, 469px\" \/><\/div>\n<p><strong>Polowania zbiorowe<\/strong><\/p>\n<p>Polowania zbiorowe organizujemy w Polsce od 1 pa\u017adziernika do 15 stycznia.<\/p>\n<p><u>Oferta obejmuje<\/u><\/p>\n<ul>\n<li>3 dni polowania \/ 4 pobytu<\/li>\n<li>organizacja polowania dla grupy od 8 do 15 my\u015bliwych<\/li>\n<li>odstrza\u0142: jelenie (byki, \u0142anie, cielaki), dziki (ody\u0144ce, lochy, warchlaki), sarny (kozy, ko\u017al\u0119ta), lisy, jenoty<\/li>\n<li>transport w \u0142owisku<\/li>\n<li>ubezpieczenie<\/li>\n<li>preparacja trofe\u00f3w<\/li>\n<li>pe\u0142ne zakwaterowanie oraz wy\u017cywienie<\/li>\n<\/ul>\n<p>[\/et_pb_tab][et_pb_tab title=&#8221;G\u0142uszce i cietrzewie&#8221; tab_font_select=&#8221;default&#8221; body_font_select=&#8221;default&#8221;]<\/p>\n<p><img loading=\"lazy\" class=\"wp-image-1928 aligncenter\" src=\"https:\/\/huntpol.pl\/huntpol-www\/wp-content\/uploads\/DSC_0647-980x649.jpg\" alt=\"\" width=\"468\" height=\"310\" srcset=\"https:\/\/huntpol.pl\/huntpol-www\/wp-content\/uploads\/DSC_0647-980x649.jpg 980w, https:\/\/huntpol.pl\/huntpol-www\/wp-content\/uploads\/DSC_0647-1920x1272.jpg 1920w, https:\/\/huntpol.pl\/huntpol-www\/wp-content\/uploads\/DSC_0647-377x250.jpg 377w\" sizes=\"(max-width: 468px) 100vw, 468px\" \/><\/p>\n<p><strong>Polowanie na g\u0142uszcze i cietrzewie<\/strong><\/p>\n<p>Okres polowa\u0144 od ko\u0144ca marca do ko\u0144ca kwietnia, w czasie tok\u00f3w. Poniewa\u017c toki g\u0142uszc\u00f3w i cietrzewi uzale\u017cnione s\u0105 od warunk\u00f3w pogodowych i nie zawsze pokrywaj\u0105 si\u0119 dok\u0142adnie z datami w kalendarzu, najpewniejszym terminem trafienia w obydwa toki jest drugi i trzeci tydzie\u0144 kwietnia.<\/p>\n<p>Polowania odbywaj\u0105 si\u0119 na terenie Bia\u0142orusi, w pobli\u017cu granicy z Rosj\u0105, w cichej okolicy oddalonej od skupisk ludzkich. W jednym czasie mo\u017ce polowa\u0107 od dw\u00f3ch do pi\u0119ciu my\u015bliwych.<\/p>\n<p><u>Oferta obejmuje:<\/u><\/p>\n<ul>\n<li>4 dni polowania \/ 5 pobytu<\/li>\n<li>pe\u0142n\u0105 organizacj\u0119 polowania z profesjonalnymi my\u015bliwymi i wabiarzami<\/li>\n<li>transport z lotniska na kwatery (na \u017cyczenie)<\/li>\n<li>zakwaterowanie w domu my\u015bliwskim bezpo\u015brednio w \u0142owisku osobowych pokojach 2-4 osobowych<\/li>\n<li>transport w \u0142owisku<\/li>\n<li>pe\u0142ne wy\u017cywienie<\/li>\n<li>ubezpieczenie<\/li>\n<li>preparacj\u0119 trofe\u00f3w<\/li>\n<\/ul>\n<p>Na terenie zakwaterowania znajduje si\u0119 rzeka, w kt\u00f3rej jest mo\u017cliwo\u015b\u0107 w\u0119dkowania oraz prawdziwa bia\u0142oruska \u201ebania\u201d sprzyjaj\u0105ca relaksowi po polowaniu.<\/p>\n<p>[\/et_pb_tab][et_pb_tab title=&#8221;Safari w RPA&#8221; tab_font_select=&#8221;default&#8221; body_font_select=&#8221;default&#8221;]<\/p>\n<div class=\"photo\"><img loading=\"lazy\" class=\"alignnone wp-image-1749 aligncenter\" src=\"https:\/\/huntpol.pl\/huntpol-www\/wp-content\/uploads\/SouthAfrica3.jpg\" alt=\"\" width=\"469\" height=\"264\" srcset=\"https:\/\/huntpol.pl\/huntpol-www\/wp-content\/uploads\/SouthAfrica3.jpg 665w, https:\/\/huntpol.pl\/huntpol-www\/wp-content\/uploads\/SouthAfrica3-400x225.jpg 400w\" sizes=\"(max-width: 469px) 100vw, 469px\" \/><\/div>\n<p><strong>Polowanie w RPA<\/strong><\/p>\n<p>Najlepszy okres na polowanie i mo\u017cliwo\u015bci pozyskania zwierzyny w RPA to czas od kwietnia do wrze\u015bnia.<\/p>\n<p>Oferujemy polowanie na wszystkie gatunki dzikiej zwierzyny, na kt\u00f3r\u0105 mo\u017cna polowa\u0107 w RPA. Oferta dost\u0119pna jest w kilku wariantach. Pojedyncze zwierz\u0119ta z cennika dla zwierz\u0105t takich jak \u201ewielka pi\u0105tka\u201d, jak r\u00f3wnie\u017c specjalnie przygotowane pakiety w r\u00f3\u017cnych konfiguracjach zawieraj\u0105ce konkretne wybrane gatunki np. worthoga, impal\u0119, blesboka, redhartebista, zebr\u0119, \u017cyraf\u0119.<\/p>\n<p>Polowania w formie pakietu daj\u0105 gwarancj\u0119 sta\u0142ej ceny i mo\u017cliwo\u015b\u0107 pozyskania konkretnych wybranych trofe\u00f3w. Pakiet nie ogranicza my\u015bliwego po zako\u0144czeniu polowania na uzgodnienie i polowanie w ramach cennika na inne gatunki zwierz\u0105t.<\/p>\n<p><strong>Oferta obejmuje<\/strong><\/p>\n<ul>\n<li>zakwaterowanie w domu my\u015bliwskim bezpo\u015brednio w \u0142owisku osobowych pokojach 2-4 osobowych<\/li>\n<li>pe\u0142n\u0105 organizacj\u0119 polowania z profesjonalnymi my\u015bliwymi oraz pomocnikami-tropicielami<\/li>\n<li>transport z lotniska na kwatery (na \u017cyczenie)<\/li>\n<li>transport w \u0142owisku terenowymi pick up\u2019ami specjalnie przygotowanymi do wymog\u00f3w terenu i polowania<\/li>\n<li>pe\u0142ne wy\u017cywienie<\/li>\n<li>Ubezpieczenie<\/li>\n<li>preparacj\u0119 trofe\u00f3w<\/li>\n<\/ul>\n<p><strong>Co wyr\u00f3\u017cnia polowania z biurem Hunting Safaris \u201eRed Ivory\u201d i Huntpol<\/strong><\/p>\n<ul>\n<li>Skuteczno\u015b\u0107 w pozyskaniu zaplanowanej puli zwierz\u0105t. Polowanie na kilku terenach od 2kh do 80kh ( razem ponad 100000h) najcz\u0119\u015bciej w przedziale 14k-18000 hektar\u00f3w dobierane w zale\u017cno\u015bci od terminu i bytowania najwi\u0119kszych trofealnych zwierz\u0105t danego gatunku.<\/li>\n<li>Profesjonalny sprz\u0119t do dokumentowania polowania zar\u00f3wno w postaci film\u00f3w jak i zdj\u0119\u0107<\/li>\n<li>Bardzo dobry serwis i obs\u0142uga poza polowaniem.<\/li>\n<li>Znakomite wy\u017cywienie z mo\u017cliwo\u015bci\u0105 degustowania potraw przyrz\u0105dzonych ze strzelonej przez nas zwierzyny np. sznycle z zebry, czy te\u017c pol\u0119dwice z warthoga i blasboka w sosie z ostrygami. Zawsze dost\u0119pne przek\u0105ski tosty, kawa i herbata. Du\u017co pomys\u0142owych da\u0144 z kuchni w\u0142oskiej.<\/li>\n<li>Zakwaterowanie w domkach w zale\u017cno\u015bci od preferencji jedno- , dwu- lub czteroosobowe. W ka\u017cdym niezale\u017cna \u0142azienka i toaleta z ciep\u0142\u0105 woda i prysznicem.<\/li>\n<li>Sprz\u0105tanie domku i pranie wed\u0142ug potrzeb<\/li>\n<li>Kilka przestronnych miejsc do odpoczynku na wygodnych sk\u00f3rzanych fotelach i kanapach w domu lub pod wiat\u0105. Grill i ognisko w specjalnie przygotowanym os\u0142oni\u0119tym od wiatru miejscu<\/li>\n<li>Przygotowane i zaplanowane atrakcje poza polowaniem takie jak zakupy upomink\u00f3w, wioska Zulus\u00f3w czy \u0142owienie tigerfish\u00f3w. Mo\u017cliwo\u015b\u0107 wycieczki w celu obejrzenia nagrania i fotografowania afryka\u0144skich zwierz\u0105t<\/li>\n<\/ul>\n<p>&nbsp;<\/p>\n<p><img loading=\"lazy\" class=\"alignnone size-full wp-image-2228\" src=\"https:\/\/huntpol.pl\/huntpol-www\/wp-content\/uploads\/Afryka_st1.jpg\" alt=\"\" width=\"598\" height=\"845\" srcset=\"https:\/\/huntpol.pl\/huntpol-www\/wp-content\/uploads\/Afryka_st1.jpg 598w, https:\/\/huntpol.pl\/huntpol-www\/wp-content\/uploads\/Afryka_st1-177x250.jpg 177w\" sizes=\"(max-width: 598px) 100vw, 598px\" \/> <img loading=\"lazy\" class=\"alignnone size-full wp-image-2227\" src=\"https:\/\/huntpol.pl\/huntpol-www\/wp-content\/uploads\/Afryka_st2.jpg\" alt=\"\" width=\"599\" height=\"845\" srcset=\"https:\/\/huntpol.pl\/huntpol-www\/wp-content\/uploads\/Afryka_st2.jpg 599w, https:\/\/huntpol.pl\/huntpol-www\/wp-content\/uploads\/Afryka_st2-177x250.jpg 177w\" sizes=\"(max-width: 599px) 100vw, 599px\" \/> <img loading=\"lazy\" class=\"alignnone size-full wp-image-2226\" src=\"https:\/\/huntpol.pl\/huntpol-www\/wp-content\/uploads\/Afryka_st3.jpg\" alt=\"\" width=\"599\" height=\"844\" srcset=\"https:\/\/huntpol.pl\/huntpol-www\/wp-content\/uploads\/Afryka_st3.jpg 599w, https:\/\/huntpol.pl\/huntpol-www\/wp-content\/uploads\/Afryka_st3-177x250.jpg 177w\" sizes=\"(max-width: 599px) 100vw, 599px\" \/> <img loading=\"lazy\" class=\"alignnone size-full wp-image-2225\" src=\"https:\/\/huntpol.pl\/huntpol-www\/wp-content\/uploads\/Afryka_st4.jpg\" alt=\"\" width=\"600\" height=\"844\" srcset=\"https:\/\/huntpol.pl\/huntpol-www\/wp-content\/uploads\/Afryka_st4.jpg 600w, https:\/\/huntpol.pl\/huntpol-www\/wp-content\/uploads\/Afryka_st4-178x250.jpg 178w\" sizes=\"(max-width: 600px) 100vw, 600px\" \/><\/p>\n<p>[\/et_pb_tab] [\/et_pb_tabs][et_pb_cta admin_label=&#8221;Napisz, zadzwo\u0144&#8221; title=&#8221;Chcesz wiedzie\u0107 wi\u0119cej?&#8221; button_url=&#8221;\/kontakt&#8221; url_new_window=&#8221;off&#8221; button_text=&#8221;Napisz \/ zadzwo\u0144&#8221; use_background_color=&#8221;off&#8221; background_color=&#8221;#7b8256&#8243; background_layout=&#8221;light&#8221; text_orientation=&#8221;center&#8221; module_class=&#8221;promo-box bg-email-right&#8221; header_font_size=&#8221;18&#8243; body_font_size=&#8221;14&#8243; use_border_color=&#8221;off&#8221; border_color=&#8221;#ffffff&#8221; border_style=&#8221;solid&#8221; custom_button=&#8221;off&#8221; button_text_size=&#8221;20&#8243; button_border_width=&#8221;2&#8243; button_border_radius=&#8221;3&#8243; button_letter_spacing=&#8221;0&#8243; button_use_icon=&#8221;default&#8221; button_icon_placement=&#8221;right&#8221; button_on_hover=&#8221;on&#8221; button_border_radius_hover=&#8221;3&#8243; button_letter_spacing_hover=&#8221;0&#8243;] [\/et_pb_cta][et_pb_cta admin_label=&#8221;Przejd\u017a do galerii&#8221; title=&#8221;Chcesz zobaczy\u0107 wi\u0119cej?&#8221; button_url=&#8221;\/galeria&#8221; url_new_window=&#8221;off&#8221; button_text=&#8221;Wejd\u017a do galerii&#8221; use_background_color=&#8221;off&#8221; background_color=&#8221;#7b8256&#8243; background_layout=&#8221;light&#8221; text_orientation=&#8221;center&#8221; module_class=&#8221;promo-box inversely bg-gallery-left&#8221; header_font_size=&#8221;18&#8243; body_font_size=&#8221;14&#8243; use_border_color=&#8221;off&#8221; border_color=&#8221;#ffffff&#8221; border_style=&#8221;solid&#8221; custom_button=&#8221;off&#8221; button_text_size=&#8221;20&#8243; button_border_width=&#8221;2&#8243; button_border_radius=&#8221;3&#8243; button_letter_spacing=&#8221;0&#8243; button_use_icon=&#8221;default&#8221; button_icon_placement=&#8221;right&#8221; button_on_hover=&#8221;on&#8221; button_border_radius_hover=&#8221;3&#8243; button_letter_spacing_hover=&#8221;0&#8243;] [\/et_pb_cta][\/et_pb_column][\/et_pb_row][\/et_pb_section]<\/p>","protected":false},"excerpt":{"rendered":"<p>[et_pb_section admin_label=&#8221;section&#8221;][et_pb_row admin_label=&#8221;row&#8221; make_fullwidth=&#8221;off&#8221; use_custom_width=&#8221;off&#8221; width_unit=&#8221;on&#8221; use_custom_gutter=&#8221;off&#8221; gutter_width=&#8221;3&#8243; padding_mobile=&#8221;off&#8221; module_id=&#8221;header-page&#8221; allow_player_pause=&#8221;off&#8221; parallax=&#8221;off&#8221; parallax_method=&#8221;off&#8221; make_equal=&#8221;off&#8221; column_padding_mobile=&#8221;on&#8221;][et_pb_column type=&#8221;4_4&#8243;][et_pb_post_title admin_label=&#8221;Tytu\u0142 posta&#8221; title=&#8221;on&#8221; meta=&#8221;off&#8221; author=&#8221;on&#8221; date=&#8221;on&#8221; categories=&#8221;on&#8221; comments=&#8221;on&#8221; featured_image=&#8221;off&#8221; featured_placement=&#8221;below&#8221; parallax_effect=&#8221;on&#8221; parallax_method=&#8221;on&#8221; text_orientation=&#8221;left&#8221; text_color=&#8221;dark&#8221; text_background=&#8221;off&#8221; text_bg_color=&#8221;rgba(255,255,255,0.9)&#8221; module_bg_color=&#8221;rgba(255,255,255,0)&#8221; title_all_caps=&#8221;off&#8221; meta_font_size=&#8221;14&#8243; use_border_color=&#8221;off&#8221; border_color=&#8221;#ffffff&#8221; border_style=&#8221;solid&#8221;] [\/et_pb_post_title][\/et_pb_column][\/et_pb_row][et_pb_row admin_label=&#8221;Wiersz&#8221;][et_pb_column type=&#8221;4_4&#8243;][et_pb_tabs admin_label=&#8221;Oferta&#8221; tab_font_size=&#8221;14&#8243; body_font_size=&#8221;14&#8243; use_border_color=&#8221;off&#8221; border_color=&#8221;#ffffff&#8221; border_style=&#8221;solid&#8221;] [et_pb_tab title=&#8221;Rogacze&#8221; tab_font_select=&#8221;default&#8221; body_font_select=&#8221;default&#8221;] Polowanie na rogacze Okres [&hellip;]<\/p>\n","protected":false},"author":1,"featured_media":0,"parent":0,"menu_order":0,"comment_status":"closed","ping_status":"closed","template":"","meta":[],"_links":{"self":[{"href":"https:\/\/huntpol.pl\/huntpol-www\/wp-json\/wp\/v2\/pages\/225"}],"collection":[{"href":"https:\/\/huntpol.pl\/huntpol-www\/wp-json\/wp\/v2\/pages"}],"about":[{"href":"https:\/\/huntpol.pl\/huntpol-www\/wp-json\/wp\/v2\/types\/page"}],"author":[{"embeddable":true,"href":"https:\/\/huntpol.pl\/huntpol-www\/wp-json\/wp\/v2\/users\/1"}],"replies":[{"embeddable":true,"href":"https:\/\/huntpol.pl\/huntpol-www\/wp-json\/wp\/v2\/comments?post=225"}],"version-history":[{"count":18,"href":"https:\/\/huntpol.pl\/huntpol-www\/wp-json\/wp\/v2\/pages\/225\/revisions"}],"predecessor-version":[{"id":2439,"href":"https:\/\/huntpol.pl\/huntpol-www\/wp-json\/wp\/v2\/pages\/225\/revisions\/2439"}],"wp:attachment":[{"href":"https:\/\/huntpol.pl\/huntpol-www\/wp-json\/wp\/v2\/media?parent=225"}],"curies":[{"name":"wp","href":"https:\/\/api.w.org\/{rel}","templated":true}]}}