{"id":166,"date":"2016-02-25T18:32:45","date_gmt":"2016-02-25T17:32:45","guid":{"rendered":"http:\/\/huntpol.pl\/?page_id=166"},"modified":"2019-06-11T09:27:36","modified_gmt":"2019-06-11T07:27:36","slug":"o-nas","status":"publish","type":"page","link":"https:\/\/huntpol.pl\/huntpol-www\/o-nas\/","title":{"rendered":"O nas"},"content":{"rendered":"<p>[et_pb_section admin_label=&#8221;section&#8221; transparent_background=&#8221;off&#8221; allow_player_pause=&#8221;off&#8221; inner_shadow=&#8221;off&#8221; parallax=&#8221;off&#8221; parallax_method=&#8221;off&#8221; padding_mobile=&#8221;off&#8221; module_class=&#8221;list-article&#8221; make_fullwidth=&#8221;off&#8221; use_custom_width=&#8221;off&#8221; width_unit=&#8221;on&#8221; make_equal=&#8221;off&#8221; use_custom_gutter=&#8221;off&#8221; gutter_width=&#8221;3&#8243;][et_pb_row admin_label=&#8221;row&#8221; make_fullwidth=&#8221;off&#8221; use_custom_width=&#8221;off&#8221; width_unit=&#8221;on&#8221; use_custom_gutter=&#8221;off&#8221; gutter_width=&#8221;3&#8243; padding_mobile=&#8221;off&#8221; module_id=&#8221;header-page&#8221; allow_player_pause=&#8221;off&#8221; parallax=&#8221;off&#8221; parallax_method=&#8221;off&#8221; make_equal=&#8221;off&#8221; parallax_1=&#8221;off&#8221; parallax_method_1=&#8221;off&#8221; column_padding_mobile=&#8221;on&#8221;][et_pb_column type=&#8221;4_4&#8243;][et_pb_post_title admin_label=&#8221;Tytu\u0142 posta&#8221; title=&#8221;off&#8221; meta=&#8221;off&#8221; author=&#8221;on&#8221; date=&#8221;on&#8221; categories=&#8221;on&#8221; comments=&#8221;on&#8221; featured_image=&#8221;off&#8221; featured_placement=&#8221;below&#8221; parallax_effect=&#8221;on&#8221; parallax_method=&#8221;on&#8221; text_orientation=&#8221;left&#8221; text_color=&#8221;dark&#8221; text_background=&#8221;off&#8221; text_bg_color=&#8221;rgba(255,255,255,0.9)&#8221; module_bg_color=&#8221;rgba(255,255,255,0)&#8221; title_all_caps=&#8221;off&#8221; meta_font_size=&#8221;14&#8243; use_border_color=&#8221;off&#8221; border_color=&#8221;#ffffff&#8221; border_style=&#8221;solid&#8221;]<\/p>\n<p>[\/et_pb_post_title][et_pb_text admin_label=&#8221;Opis o nas&#8221; background_layout=&#8221;light&#8221; text_orientation=&#8221;left&#8221; text_font_size=&#8221;14&#8243; use_border_color=&#8221;off&#8221; border_color=&#8221;#ffffff&#8221; border_style=&#8221;solid&#8221;]<\/p>\n<div class=\"owner\">\n<p><strong>Biuro Polowa\u0144 Huntpol <\/strong>zosta\u0142o za\u0142o\u017cone w 2010 roku przez my\u015bliwych dla my\u015bliwych.<br \/>\nWsp\u00f3\u0142pracujemy z&nbsp;my\u015bliwymi i biurami polowa\u0144 z ca\u0142ego \u015bwiata. Promujemy tradycje \u0142owieckie i etyczne polowania. Naszym go\u015bciom zapewniamy najwy\u017csz\u0105 jako\u015b\u0107 polowania. Ka\u017cde \u0142owisko sprawdzamy i przygotowujemy do polowania osobi\u015bcie. Zapewniamy indywidualn\u0105 obs\u0142ug\u0119 klient\u00f3w dostosowuj\u0105c ofert\u0119 do ich potrzeb.&nbsp;Z ka\u017cdym rokiem rozszerzamy ofert\u0119 rozwijaj\u0105c partnerstwa w Europie i na ca\u0142ym \u015bwiecie.&nbsp;Mamy ponad 25 letni sta\u017c \u0142owiecki.<\/p>\n<p>Organizujemy polowania indywidualne oraz zbiorowe<strong>.<\/strong><\/p>\n<p><strong>Na terenie Polski organizujemy<\/strong> polowania na jelenie byki, rogacze, daniele, dziki i muflony.&nbsp; Polowania wzbogacamy uczestnictwem profesjonalnych wabiarzy, mistrz\u00f3w Polski i Europy w \u201eSzlachetnej sztuce wabienia jeleni\u201c. Organizujemy nocne polowania na dziki przy pe\u0142ni ksi\u0119\u017cyca i majowe polowania na rogacze.<\/p>\n<p><img loading=\"lazy\" class=\"alignnone wp-image-807\" src=\"https:\/\/huntpol.pl\/huntpol-www\/www\/wp-content\/uploads\/targi-830-980x649.jpg\" alt=\"targi 830\" width=\"558\" height=\"370\" srcset=\"https:\/\/huntpol.pl\/huntpol-www\/wp-content\/uploads\/targi-830-980x649.jpg 980w, https:\/\/huntpol.pl\/huntpol-www\/wp-content\/uploads\/targi-830-1920x1272.jpg 1920w, https:\/\/huntpol.pl\/huntpol-www\/wp-content\/uploads\/targi-830-377x250.jpg 377w\" sizes=\"(max-width: 558px) 100vw, 558px\" \/><\/p>\n<p><strong>W naszej ofercie znajduj\u0105 si\u0119 r\u00f3wnie\u017c polowania na Bia\u0142orusi, S\u0142owacji &nbsp;oraz &nbsp;RPA<\/strong> .<br \/>\nZa granic\u0105 polujemy na g\u0142uszce, cietrzewie, daniele i ca\u0142\u0105 gam\u0119 zwierzyny afryka\u0144skiej.<\/p>\n<p>Zapraszamy do wsp\u00f3\u0142pracy Ko\u0142a \u0141owieckie oraz OHZ.<\/p>\n<\/div>\n<p>&nbsp;<\/p>\n<p>[\/et_pb_text][et_pb_video admin_label=&#8221;Klip wideo&#8221; src=&#8221;https:\/\/youtu.be\/rCrHYra2hV0&#8243;]<\/p>\n<p>[\/et_pb_video][\/et_pb_column][\/et_pb_row][et_pb_row admin_label=&#8221;Wiersz&#8221; make_fullwidth=&#8221;off&#8221; use_custom_width=&#8221;off&#8221; width_unit=&#8221;on&#8221; use_custom_gutter=&#8221;off&#8221; gutter_width=&#8221;3&#8243; padding_mobile=&#8221;off&#8221; module_class=&#8221;list-row&#8221; allow_player_pause=&#8221;off&#8221; parallax=&#8221;off&#8221; parallax_method=&#8221;off&#8221; make_equal=&#8221;off&#8221; parallax_1=&#8221;off&#8221; parallax_method_1=&#8221;off&#8221; parallax_2=&#8221;off&#8221; parallax_method_2=&#8221;off&#8221; column_padding_mobile=&#8221;on&#8221;][et_pb_column type=&#8221;1_4&#8243;][\/et_pb_column][et_pb_column type=&#8221;3_4&#8243;][\/et_pb_column][\/et_pb_row][\/et_pb_section]<\/p>","protected":false},"excerpt":{"rendered":"<p>[et_pb_section admin_label=&#8221;section&#8221; transparent_background=&#8221;off&#8221; allow_player_pause=&#8221;off&#8221; inner_shadow=&#8221;off&#8221; parallax=&#8221;off&#8221; parallax_method=&#8221;off&#8221; padding_mobile=&#8221;off&#8221; module_class=&#8221;list-article&#8221; make_fullwidth=&#8221;off&#8221; use_custom_width=&#8221;off&#8221; width_unit=&#8221;on&#8221; make_equal=&#8221;off&#8221; use_custom_gutter=&#8221;off&#8221; gutter_width=&#8221;3&#8243;][et_pb_row admin_label=&#8221;row&#8221; make_fullwidth=&#8221;off&#8221; use_custom_width=&#8221;off&#8221; width_unit=&#8221;on&#8221; use_custom_gutter=&#8221;off&#8221; gutter_width=&#8221;3&#8243; padding_mobile=&#8221;off&#8221; module_id=&#8221;header-page&#8221; allow_player_pause=&#8221;off&#8221; parallax=&#8221;off&#8221; parallax_method=&#8221;off&#8221; make_equal=&#8221;off&#8221; parallax_1=&#8221;off&#8221; parallax_method_1=&#8221;off&#8221; column_padding_mobile=&#8221;on&#8221;][et_pb_column type=&#8221;4_4&#8243;][et_pb_post_title admin_label=&#8221;Tytu\u0142 posta&#8221; title=&#8221;off&#8221; meta=&#8221;off&#8221; author=&#8221;on&#8221; date=&#8221;on&#8221; categories=&#8221;on&#8221; comments=&#8221;on&#8221; featured_image=&#8221;off&#8221; featured_placement=&#8221;below&#8221; parallax_effect=&#8221;on&#8221; parallax_method=&#8221;on&#8221; text_orientation=&#8221;left&#8221; text_color=&#8221;dark&#8221; text_background=&#8221;off&#8221; text_bg_color=&#8221;rgba(255,255,255,0.9)&#8221; module_bg_color=&#8221;rgba(255,255,255,0)&#8221; title_all_caps=&#8221;off&#8221; meta_font_size=&#8221;14&#8243; use_border_color=&#8221;off&#8221; border_color=&#8221;#ffffff&#8221; border_style=&#8221;solid&#8221;] [\/et_pb_post_title][et_pb_text admin_label=&#8221;Opis [&hellip;]<\/p>\n","protected":false},"author":1,"featured_media":0,"parent":0,"menu_order":0,"comment_status":"closed","ping_status":"closed","template":"","meta":[],"_links":{"self":[{"href":"https:\/\/huntpol.pl\/huntpol-www\/wp-json\/wp\/v2\/pages\/166"}],"collection":[{"href":"https:\/\/huntpol.pl\/huntpol-www\/wp-json\/wp\/v2\/pages"}],"about":[{"href":"https:\/\/huntpol.pl\/huntpol-www\/wp-json\/wp\/v2\/types\/page"}],"author":[{"embeddable":true,"href":"https:\/\/huntpol.pl\/huntpol-www\/wp-json\/wp\/v2\/users\/1"}],"replies":[{"embeddable":true,"href":"https:\/\/huntpol.pl\/huntpol-www\/wp-json\/wp\/v2\/comments?post=166"}],"version-history":[{"count":2,"href":"https:\/\/huntpol.pl\/huntpol-www\/wp-json\/wp\/v2\/pages\/166\/revisions"}],"predecessor-version":[{"id":2703,"href":"https:\/\/huntpol.pl\/huntpol-www\/wp-json\/wp\/v2\/pages\/166\/revisions\/2703"}],"wp:attachment":[{"href":"https:\/\/huntpol.pl\/huntpol-www\/wp-json\/wp\/v2\/media?parent=166"}],"curies":[{"name":"wp","href":"https:\/\/api.w.org\/{rel}","templated":true}]}}